{"id":9,"date":"2015-09-29T18:52:17","date_gmt":"2015-09-29T17:52:17","guid":{"rendered":"http:\/\/www.belgocimes.com\/mainsite\/?page_id=9"},"modified":"2015-10-01T17:41:27","modified_gmt":"2015-10-01T16:41:27","slug":"equipe","status":"publish","type":"page","link":"https:\/\/www.belgocimes.com\/mainsite\/equipe\/","title":{"rendered":"EQUIPE"},"content":{"rendered":"<h4>QUI NOUS SOMMES<\/h4>\n<p>&nbsp;<\/p>\n<p>Belgoc\u00eemes r\u00e9unis une \u00e9quipe de plus de 10 personnes intervenant \u00e0 diff\u00e9rents niveaux, tant dans l&rsquo;administration de l&rsquo;Association que dans l&rsquo;organisation et l&rsquo;animation des ateliers et des \u00e9v\u00e8nements.<\/p>\n<p>Belgoc\u00eemes c&rsquo;est aussi un r\u00e9seau de partenaires de Grimpe et des Artistes avec qui nous entretenons des relations privil\u00e9gi\u00e9es et partageons passions et exp\u00e9riences.<\/p>\n<p>&nbsp;<\/p>\n<p>&nbsp;<\/p>\n<div class='row'><div style='padding-bottom:40px;' class='span12 first-module module_number_1 module_cont  module_team'><div class='bg_title'><a href='javascript:void(0)' class='btn_carousel_left'><\/a><h3 style='color:#161c2c;' class='headInModule'>TEAM&#039;C\u00ceMES<\/h3><a href='javascript:void(0)' class='btn_carousel_right'><\/a><\/div>\n        <div class=\"team_slider\">\n            <div class=\"carouselslider teamslider items3\" data-count=\"3\">\n            \t<ul class=\"item_list\">\n\t\t\t\t\t<li style=\"width:33.333333333333%\">\n\t\t\t\t\t\t<div class=\"item_wrapper\">\n\t\t\t\t\t\t\t<div class=\"item\">\n\t\t\t\t\t\t\t\t<div class=\"img_block\"><img src=\"https:\/\/www.belgocimes.com\/mainsite\/wp-content\/uploads\/2015\/10\/claude-quinet-840x622.jpg\" alt=\"Claude Quinet\" \/>\n\t\t\t\t\t\t\t\t<\/div>\n\t\t\t\t\t\t\t\t<div class=\"carousel_body\">\n\t\t\t\t\t\t\t\t\t<h6>Claude Quinet<\/h6>\n\t\t\t\t\t\t\t\t\t<div class=\"op\">Pr\u00e9sident et Instructeur<\/div>\n\t\t\t\t\t\t\t\t\t<div class=\"team_desc\">Responsable de Belgocime, Claude Quinet est l'instigateur et l'animateur principal des activit\u00e9s propos\u00e9es par Belgocime. Vous trouverez ci-dessous ses coordonn\u00e9es de contact et ses dipl\u00f4mes et certificats d'aptitude.<\/div>\n\t\t\t\t\t\t\t\t\t<div class=\"team_icons_wrapper\"><a target=\"_blank\" href=\"https:\/\/www.facebook.com\/Transartbres?ref=ts&fref=ts\" class=\"teamlink\" title=\"Facebook\" style=\"background:#8e9dc6; color:#161c2c\"><span><i class=\"icon-facebook-sign\"><\/i><\/span><\/a><a target=\"_blank\" href=\"mailto:c.quinet@transartbres.be\" class=\"teamlink\" title=\"c.quinet@transartbres.be\" style=\"background:#8e9dc6; color:#161c2c\"><span><i class=\"icon-envelope\"><\/i><\/span><\/a><a target=\"_blank\" href=\"#\" class=\"teamlink\" title=\"0032486102785\" style=\"background:#8e9dc6; color:#161c2c\"><span><i class=\"icon-phone-sign\"><\/i><\/span><\/a><a target=\"_blank\" href=\"http:\/\/www.belgocimes.com\/docs\/Attestation-Accrobranches.pdf\" class=\"teamlink\" title=\"Attestation Formateur Accrobranches\" style=\"background:#8e9dc6; color:#161c2c\"><span><i class=\"icon-file\"><\/i><\/span><\/a><a target=\"_blank\" href=\"http:\/\/www.belgocimes.com\/docs\/certif.pdf\" class=\"teamlink\" title=\"Certification Educateur Grimpe d\" style=\"background:#8e9dc6; color:#161c2c\"><span><i class=\"icon-file\"><\/i><\/span><\/a><a target=\"_blank\" href=\"http:\/\/www.belgocimes.com\/docs\/Dipl.pdf\" class=\"teamlink\" title=\"Certificat Tecnica Universal  de Movimenta\u00e7\u00e3o em Dossel\" style=\"background:#8e9dc6; color:#161c2c\"><span><i class=\"icon-file\"><\/i><\/span><\/a>   \t\t<\/div>\n\t\t\t\t\t\t\t\t<\/div>\t\t\t\t\t\t\t\t\t\n\t\t\t\t\t\t\t<\/div>\n\t\t\t\t\t\t<\/div>\n                    <\/li>\n\t\t\t\t\n\t\t\t\t\t<li style=\"width:33.333333333333%\">\n\t\t\t\t\t\t<div class=\"item_wrapper\">\n\t\t\t\t\t\t\t<div class=\"item\">\n\t\t\t\t\t\t\t\t<div class=\"img_block\"><img src=\"https:\/\/www.belgocimes.com\/mainsite\/wp-content\/uploads\/2015\/10\/Ilona-csuti-840x622.jpg\" alt=\"Ilona Csuti\" \/>\n\t\t\t\t\t\t\t\t<\/div>\n\t\t\t\t\t\t\t\t<div class=\"carousel_body\">\n\t\t\t\t\t\t\t\t\t<h6>Ilona Csuti<\/h6>\n\t\t\t\t\t\t\t\t\t<div class=\"op\">Tr\u00e9sori\u00e8re et Monitrice<\/div>\n\t\t\t\t\t\t\t\t\t<div class=\"team_desc\">Tr\u00e9sori\u00e8re de l'association et Monitrice de Grime d'Arbres, elle apporte \u00e9galement sa passion pour le massage dans les arbres pour des moments de d\u00e9tente dans les c\u00eemes...<\/div>\n\t\t\t\t\t\t\t\t\t<div class=\"team_icons_wrapper\"><a target=\"_blank\" href=\"https:\/\/www.facebook.com\/Transartbres?ref=ts&fref=ts\" class=\"teamlink\" title=\"Facebook\" style=\"background:#8e9dc6; color:#161c2c\"><span><i class=\"icon-facebook-sign\"><\/i><\/span><\/a><a target=\"_blank\" href=\"mailto:contact@belgocimes.com\" class=\"teamlink\" title=\"contact@belgocimes.com\" style=\"background:#8e9dc6; color:#161c2c\"><span><i class=\"icon-envelope\"><\/i><\/span><\/a><a target=\"_blank\" href=\"#\" class=\"teamlink\" title=\"0032486413079\" style=\"background:#8e9dc6; color:#161c2c\"><span><i class=\"icon-phone-sign\"><\/i><\/span><\/a>   \t\t<\/div>\n\t\t\t\t\t\t\t\t<\/div>\t\t\t\t\t\t\t\t\t\n\t\t\t\t\t\t\t<\/div>\n\t\t\t\t\t\t<\/div>\n                    <\/li>\n\t\t\t\t\n\t\t\t\t\t<li style=\"width:33.333333333333%\">\n\t\t\t\t\t\t<div class=\"item_wrapper\">\n\t\t\t\t\t\t\t<div class=\"item\">\n\t\t\t\t\t\t\t\t<div class=\"img_block\"><img src=\"https:\/\/www.belgocimes.com\/mainsite\/wp-content\/uploads\/2015\/10\/team-attente-840x622.jpg\" alt=\"Chany Charlier\" \/>\n\t\t\t\t\t\t\t\t<\/div>\n\t\t\t\t\t\t\t\t<div class=\"carousel_body\">\n\t\t\t\t\t\t\t\t\t<h6>Chany Charlier<\/h6>\n\t\t\t\t\t\t\t\t\t<div class=\"op\">Secr\u00e9taire<\/div>\n\t\t\t\t\t\t\t\t\t<div class=\"team_desc\">Lorem ipsum dolor sit amet, consectetur adipiscing elit, sed do eiusmod tempor incididunt ut labore et dolore magna aliqua. Ut enim ad minim veniam, quis nostrud exercitation ullamco laboris nisi ut aliquip ex ea commodo consequat.<\/div>\n\t\t\t\t\t\t\t\t\t<div class=\"team_icons_wrapper\"><a target=\"_blank\" href=\"https:\/\/www.facebook.com\/Transartbres?ref=ts&fref=ts\" class=\"teamlink\" title=\"Facebook\" style=\"background:#8e9dc6; color:#161c2c\"><span><i class=\"icon-facebook-sign\"><\/i><\/span><\/a><a target=\"_blank\" href=\"mailto:contact@belgocimes.com\" class=\"teamlink\" title=\"contact@belgocimes.com\" style=\"background:#8e9dc6; color:#161c2c\"><span><i class=\"icon-envelope\"><\/i><\/span><\/a><a target=\"_blank\" href=\"#\" class=\"teamlink\" title=\"0032486340735\" style=\"background:#8e9dc6; color:#161c2c\"><span><i class=\"icon-phone-sign\"><\/i><\/span><\/a>   \t\t<\/div>\n\t\t\t\t\t\t\t\t<\/div>\t\t\t\t\t\t\t\t\t\n\t\t\t\t\t\t\t<\/div>\n\t\t\t\t\t\t<\/div>\n                    <\/li>\n\t\t\t\t<\/ul>\n             <\/div>\n             <div class=\"clear\"><\/div>\n        <\/div>  \n        <div class=\"clear\"><\/div><\/div><!-- .module_cont --><\/div><div class='row'><div style='padding-bottom:10px;' class='span12  module_number_2 module_cont  module_divider'><hr class=\"type1 \"><\/div><!-- .module_cont --><\/div><div class='row'><div style='padding-bottom:5px;' class='span12  module_number_3 module_cont  module_testimonial'><div class='bg_title'><a href='javascript:void(0)' class='btn_carousel_left'><\/a><h3 style='color:#161c2c;' class='headInModule'>INSTRUCTEURS<\/h3><a href='javascript:void(0)' class='btn_carousel_right'><\/a><\/div>\n\t\t\t<div class='module_content testimonials_list'>\n\t\t\t    <ul>\n                            <li style='width:100%'>\n                                <div class='item'>\n\t\t\t\t\t\t\t\t\t<div class='testimonial_item_wrapper'>\n\t\t\t\t\t\t\t\t\t\t<div class='testimonials_photo'>\n\t\t\t\t\t\t\t\t\t\t\t\t<img src='https:\/\/www.belgocimes.com\/mainsite\/wp-content\/uploads\/2015\/10\/claude-quinet-160x160.jpg' class='testimonials_ava'>\n\t\t\t\t\t\t\t\t\t\t<\/div>\n\t\t\t\t\t\t\t\t\t\t<div class='testimonials_text'>\n\t\t\t\t\t\t\t\t\t\t\t<div class='testimonials_title'><h6 class='testimonials_heading'>Claude Quinet,<\/h6> <\/div>\n\t\t\t\t\t\t\t\t\t\t\t<p>Lorem ipsum dolor sit amet, consectetur adipiscing elit, sed do eiusmod tempor incididunt ut labore et dolore magna aliqua. Ut enim ad minim veniam, quis nostrud exercitation ullamco laboris nisi ut aliquip ex ea commodo consequat.<\/p>\n\t\t\t\t\t\t\t\t\t\t<\/div>\n\t\t\t\t\t\t\t\t\t<\/div>\n\t\t\t\t\t\t\t\t<\/div>\n                            <\/li>\n                            <\/ul>\n\t\t\t<\/div><\/div><!-- .module_cont --><\/div><div class='row'><div style='padding-bottom:5px;' class='span12  module_number_4 module_cont  module_testimonial'>\n\t\t\t<div class='module_content testimonials_list'>\n\t\t\t    <ul>\n                            <li style='width:100%'>\n                                <div class='item'>\n\t\t\t\t\t\t\t\t\t<div class='testimonial_item_wrapper'>\n\t\t\t\t\t\t\t\t\t\t<div class='testimonials_photo'>\n\t\t\t\t\t\t\t\t\t\t\t\t<img src='https:\/\/www.belgocimes.com\/mainsite\/wp-content\/uploads\/2015\/10\/team-attente-160x160.jpg' class='testimonials_ava'>\n\t\t\t\t\t\t\t\t\t\t<\/div>\n\t\t\t\t\t\t\t\t\t\t<div class='testimonials_text'>\n\t\t\t\t\t\t\t\t\t\t\t<div class='testimonials_title'><h6 class='testimonials_heading'>Olivier Rigo,<\/h6> <\/div>\n\t\t\t\t\t\t\t\t\t\t\t<p>Lorem ipsum dolor sit amet, consectetur adipiscing elit, sed do eiusmod tempor incididunt ut labore et dolore magna aliqua. Ut enim ad minim veniam, quis nostrud exercitation ullamco laboris nisi ut aliquip ex ea commodo consequat.<\/p>\n\t\t\t\t\t\t\t\t\t\t<\/div>\n\t\t\t\t\t\t\t\t\t<\/div>\n\t\t\t\t\t\t\t\t<\/div>\n                            <\/li>\n                            <\/ul>\n\t\t\t<\/div><\/div><!-- .module_cont --><\/div><div class='row'><div style='padding-bottom:5px;' class='span12  module_number_5 module_cont  module_testimonial'>\n\t\t\t<div class='module_content testimonials_list'>\n\t\t\t    <ul>\n                            <li style='width:100%'>\n                                <div class='item'>\n\t\t\t\t\t\t\t\t\t<div class='testimonial_item_wrapper'>\n\t\t\t\t\t\t\t\t\t\t<div class='testimonials_photo'>\n\t\t\t\t\t\t\t\t\t\t\t\t<img src='https:\/\/www.belgocimes.com\/mainsite\/wp-content\/uploads\/2015\/10\/team-attente-160x160.jpg' class='testimonials_ava'>\n\t\t\t\t\t\t\t\t\t\t<\/div>\n\t\t\t\t\t\t\t\t\t\t<div class='testimonials_text'>\n\t\t\t\t\t\t\t\t\t\t\t<div class='testimonials_title'><h6 class='testimonials_heading'>Hubert Paris,<\/h6> <\/div>\n\t\t\t\t\t\t\t\t\t\t\t<p>Lorem ipsum dolor sit amet, consectetur adipiscing elit, sed do eiusmod tempor incididunt ut labore et dolore magna aliqua. Ut enim ad minim veniam, quis nostrud exercitation ullamco laboris nisi ut aliquip ex ea commodo consequat.<\/p>\n\t\t\t\t\t\t\t\t\t\t<\/div>\n\t\t\t\t\t\t\t\t\t<\/div>\n\t\t\t\t\t\t\t\t<\/div>\n                            <\/li>\n                            <\/ul>\n\t\t\t<\/div><\/div><!-- .module_cont --><\/div><div class='row'><div style='padding-bottom:40px;' class='span12  module_number_6 module_cont  module_testimonial'>\n\t\t\t<div class='module_content testimonials_list'>\n\t\t\t    <ul>\n                            <li style='width:100%'>\n                                <div class='item'>\n\t\t\t\t\t\t\t\t\t<div class='testimonial_item_wrapper'>\n\t\t\t\t\t\t\t\t\t\t<div class='testimonials_photo'>\n\t\t\t\t\t\t\t\t\t\t\t\t<img src='https:\/\/www.belgocimes.com\/mainsite\/wp-content\/uploads\/2015\/10\/team-attente-160x160.jpg' class='testimonials_ava'>\n\t\t\t\t\t\t\t\t\t\t<\/div>\n\t\t\t\t\t\t\t\t\t\t<div class='testimonials_text'>\n\t\t\t\t\t\t\t\t\t\t\t<div class='testimonials_title'><h6 class='testimonials_heading'>Maxime T\u00e9trel,<\/h6> <\/div>\n\t\t\t\t\t\t\t\t\t\t\t<p>Lorem ipsum dolor sit amet, consectetur adipiscing elit, sed do eiusmod tempor incididunt ut labore et dolore magna aliqua. Ut enim ad minim veniam, quis nostrud exercitation ullamco laboris nisi ut aliquip ex ea commodo consequat.<\/p>\n\t\t\t\t\t\t\t\t\t\t<\/div>\n\t\t\t\t\t\t\t\t\t<\/div>\n\t\t\t\t\t\t\t\t<\/div>\n                            <\/li>\n                            <\/ul>\n\t\t\t<\/div><\/div><!-- .module_cont --><\/div><div class='row'><div style='padding-bottom:10px;' class='span12  module_number_7 module_cont  module_divider'><hr class=\"type1 \"><\/div><!-- .module_cont --><\/div><div class='row'><div style='padding-bottom:5px;' class='span12  module_number_8 module_cont  module_testimonial'><div class='bg_title'><a href='javascript:void(0)' class='btn_carousel_left'><\/a><h3 style='color:#161c2c;' class='headInModule'>Moniteurs<\/h3><a href='javascript:void(0)' class='btn_carousel_right'><\/a><\/div>\n\t\t\t<div class='module_content testimonials_list'>\n\t\t\t    <ul>\n                            <li style='width:100%'>\n                                <div class='item'>\n\t\t\t\t\t\t\t\t\t<div class='testimonial_item_wrapper'>\n\t\t\t\t\t\t\t\t\t\t<div class='testimonials_photo'>\n\t\t\t\t\t\t\t\t\t\t\t\t<img src='https:\/\/www.belgocimes.com\/mainsite\/wp-content\/uploads\/2015\/10\/team-attente-160x160.jpg' class='testimonials_ava'>\n\t\t\t\t\t\t\t\t\t\t<\/div>\n\t\t\t\t\t\t\t\t\t\t<div class='testimonials_text'>\n\t\t\t\t\t\t\t\t\t\t\t<div class='testimonials_title'><h6 class='testimonials_heading'>Joeffrey Adam,<\/h6> <\/div>\n\t\t\t\t\t\t\t\t\t\t\t<p>Lorem ipsum dolor sit amet, consectetur adipiscing elit, sed do eiusmod tempor incididunt ut labore et dolore magna aliqua. Ut enim ad minim veniam, quis nostrud exercitation ullamco laboris nisi ut aliquip ex ea commodo consequat.<\/p>\n\t\t\t\t\t\t\t\t\t\t<\/div>\n\t\t\t\t\t\t\t\t\t<\/div>\n\t\t\t\t\t\t\t\t<\/div>\n                            <\/li>\n                            <\/ul>\n\t\t\t<\/div><\/div><!-- .module_cont --><\/div><div class='row'><div style='padding-bottom:5px;' class='span12  module_number_9 module_cont  module_testimonial'>\n\t\t\t<div class='module_content testimonials_list'>\n\t\t\t    <ul>\n                            <li style='width:100%'>\n                                <div class='item'>\n\t\t\t\t\t\t\t\t\t<div class='testimonial_item_wrapper'>\n\t\t\t\t\t\t\t\t\t\t<div class='testimonials_photo'>\n\t\t\t\t\t\t\t\t\t\t\t\t<img src='https:\/\/www.belgocimes.com\/mainsite\/wp-content\/uploads\/2015\/10\/team-attente-160x160.jpg' class='testimonials_ava'>\n\t\t\t\t\t\t\t\t\t\t<\/div>\n\t\t\t\t\t\t\t\t\t\t<div class='testimonials_text'>\n\t\t\t\t\t\t\t\t\t\t\t<div class='testimonials_title'><h6 class='testimonials_heading'>Damien Van Houten,<\/h6> <\/div>\n\t\t\t\t\t\t\t\t\t\t\t<p>Lorem ipsum dolor sit amet, consectetur adipiscing elit, sed do eiusmod tempor incididunt ut labore et dolore magna aliqua. Ut enim ad minim veniam, quis nostrud exercitation ullamco laboris nisi ut aliquip ex ea commodo consequat.<\/p>\n\t\t\t\t\t\t\t\t\t\t<\/div>\n\t\t\t\t\t\t\t\t\t<\/div>\n\t\t\t\t\t\t\t\t<\/div>\n                            <\/li>\n                            <\/ul>\n\t\t\t<\/div><\/div><!-- .module_cont --><\/div><div class='row'><div style='padding-bottom:5px;' class='span12  module_number_10 module_cont  module_testimonial'>\n\t\t\t<div class='module_content testimonials_list'>\n\t\t\t    <ul>\n                            <li style='width:100%'>\n                                <div class='item'>\n\t\t\t\t\t\t\t\t\t<div class='testimonial_item_wrapper'>\n\t\t\t\t\t\t\t\t\t\t<div class='testimonials_photo'>\n\t\t\t\t\t\t\t\t\t\t\t\t<img src='https:\/\/www.belgocimes.com\/mainsite\/wp-content\/uploads\/2015\/10\/Ilona-csuti-160x160.jpg' class='testimonials_ava'>\n\t\t\t\t\t\t\t\t\t\t<\/div>\n\t\t\t\t\t\t\t\t\t\t<div class='testimonials_text'>\n\t\t\t\t\t\t\t\t\t\t\t<div class='testimonials_title'><h6 class='testimonials_heading'>Ilona Csuti,<\/h6> <\/div>\n\t\t\t\t\t\t\t\t\t\t\t<p>Lorem ipsum dolor sit amet, consectetur adipiscing elit, sed do eiusmod tempor incididunt ut labore et dolore magna aliqua. Ut enim ad minim veniam, quis nostrud exercitation ullamco laboris nisi ut aliquip ex ea commodo consequat.<\/p>\n\t\t\t\t\t\t\t\t\t\t<\/div>\n\t\t\t\t\t\t\t\t\t<\/div>\n\t\t\t\t\t\t\t\t<\/div>\n                            <\/li>\n                            <\/ul>\n\t\t\t<\/div><\/div><!-- .module_cont --><\/div><div class='row'><div style='padding-bottom:40px;' class='span12  module_number_11 module_cont  module_testimonial'>\n\t\t\t<div class='module_content testimonials_list'>\n\t\t\t    <ul>\n                            <li style='width:100%'>\n                                <div class='item'>\n\t\t\t\t\t\t\t\t\t<div class='testimonial_item_wrapper'>\n\t\t\t\t\t\t\t\t\t\t<div class='testimonials_photo'>\n\t\t\t\t\t\t\t\t\t\t\t\t<img src='https:\/\/www.belgocimes.com\/mainsite\/wp-content\/uploads\/2015\/10\/team-attente-160x160.jpg' class='testimonials_ava'>\n\t\t\t\t\t\t\t\t\t\t<\/div>\n\t\t\t\t\t\t\t\t\t\t<div class='testimonials_text'>\n\t\t\t\t\t\t\t\t\t\t\t<div class='testimonials_title'><h6 class='testimonials_heading'>Dominique Fauvel,<\/h6> <\/div>\n\t\t\t\t\t\t\t\t\t\t\t<p>Lorem ipsum dolor sit amet, consectetur adipiscing elit, sed do eiusmod tempor incididunt ut labore et dolore magna aliqua. Ut enim ad minim veniam, quis nostrud exercitation ullamco laboris nisi ut aliquip ex ea commodo consequat.<\/p>\n\t\t\t\t\t\t\t\t\t\t<\/div>\n\t\t\t\t\t\t\t\t\t<\/div>\n\t\t\t\t\t\t\t\t<\/div>\n                            <\/li>\n                            <\/ul>\n\t\t\t<\/div><\/div><!-- .module_cont --><\/div><div class='row'><div style='padding-bottom:10px;' class='span12  module_number_12 module_cont  module_divider'><hr class=\"type1 \"><\/div><!-- .module_cont --><\/div><div class='row'><div style='padding-bottom:5px;' class='span12  module_number_13 module_cont  module_testimonial'><div class='bg_title'><a href='javascript:void(0)' class='btn_carousel_left'><\/a><h3 style='color:#161c2c;' class='headInModule'>Animateurs<\/h3><a href='javascript:void(0)' class='btn_carousel_right'><\/a><\/div>\n\t\t\t<div class='module_content testimonials_list'>\n\t\t\t    <ul>\n                            <li style='width:100%'>\n                                <div class='item'>\n\t\t\t\t\t\t\t\t\t<div class='testimonial_item_wrapper'>\n\t\t\t\t\t\t\t\t\t\t<div class='testimonials_photo'>\n\t\t\t\t\t\t\t\t\t\t\t\t<img src='https:\/\/www.belgocimes.com\/mainsite\/wp-content\/uploads\/2015\/10\/team-attente-160x160.jpg' class='testimonials_ava'>\n\t\t\t\t\t\t\t\t\t\t<\/div>\n\t\t\t\t\t\t\t\t\t\t<div class='testimonials_text'>\n\t\t\t\t\t\t\t\t\t\t\t<div class='testimonials_title'><h6 class='testimonials_heading'>S\u00e9bastien Bauwens,<\/h6> <\/div>\n\t\t\t\t\t\t\t\t\t\t\t<p>Lorem ipsum dolor sit amet, consectetur adipiscing elit, sed do eiusmod tempor incididunt ut labore et dolore magna aliqua. Ut enim ad minim veniam, quis nostrud exercitation ullamco laboris nisi ut aliquip ex ea commodo consequat.<\/p>\n\t\t\t\t\t\t\t\t\t\t<\/div>\n\t\t\t\t\t\t\t\t\t<\/div>\n\t\t\t\t\t\t\t\t<\/div>\n                            <\/li>\n                            <\/ul>\n\t\t\t<\/div><\/div><!-- .module_cont --><\/div><div class='row'><div style='padding-bottom:40px;' class='span12  module_number_14 module_cont  module_testimonial'>\n\t\t\t<div class='module_content testimonials_list'>\n\t\t\t    <ul>\n                            <li style='width:100%'>\n                                <div class='item'>\n\t\t\t\t\t\t\t\t\t<div class='testimonial_item_wrapper'>\n\t\t\t\t\t\t\t\t\t\t<div class='testimonials_photo'>\n\t\t\t\t\t\t\t\t\t\t\t\t<img src='https:\/\/www.belgocimes.com\/mainsite\/wp-content\/uploads\/2015\/10\/team-attente-160x160.jpg' class='testimonials_ava'>\n\t\t\t\t\t\t\t\t\t\t<\/div>\n\t\t\t\t\t\t\t\t\t\t<div class='testimonials_text'>\n\t\t\t\t\t\t\t\t\t\t\t<div class='testimonials_title'><h6 class='testimonials_heading'>Lucas Vanbraband,<\/h6> <\/div>\n\t\t\t\t\t\t\t\t\t\t\t<p>Lorem ipsum dolor sit amet, consectetur adipiscing elit, sed do eiusmod tempor incididunt ut labore et dolore magna aliqua. Ut enim ad minim veniam, quis nostrud exercitation ullamco laboris nisi ut aliquip ex ea commodo consequat.<\/p>\n\t\t\t\t\t\t\t\t\t\t<\/div>\n\t\t\t\t\t\t\t\t\t<\/div>\n\t\t\t\t\t\t\t\t<\/div>\n                            <\/li>\n                            <\/ul>\n\t\t\t<\/div><\/div><!-- .module_cont --><\/div><div class='row'><div style='padding-bottom:10px;' class='span12  module_number_15 module_cont  module_divider'><hr class=\"type1 \"><\/div><!-- .module_cont --><\/div><div class='row'><div style='padding-bottom:40px;' class='span12  module_number_16 module_cont  module_accordion'><div class='bg_title'><h3 style='color:#161c2c;' class='headInModule'>Partenaires Grimpe<\/h3><\/div><div class='shortcode_accordion_shortcode accordion'><h5 data-count='1' class='shortcode_accordion_item_title expanded_no'>TransArtbres<span class='ico'><\/span><\/h5><div class='shortcode_accordion_item_body'><div class='ip'><p>Lorem ipsum dolor sit amet, consectetur adipiscing elit, sed do eiusmod tempor incididunt ut labore et dolore magna aliqua. Ut enim ad minim veniam, quis nostrud exercitation ullamco laboris nisi ut aliquip ex ea commodo consequat.<\/p><\/div><\/div><h5 data-count='2' class='shortcode_accordion_item_title expanded_no'>Arbor\u00e9Sens<span class='ico'><\/span><\/h5><div class='shortcode_accordion_item_body'><div class='ip'><p>Lorem ipsum dolor sit amet, consectetur adipiscing elit, sed do eiusmod tempor incididunt ut labore et dolore magna aliqua. Ut enim ad minim veniam, quis nostrud exercitation ullamco laboris nisi ut aliquip ex ea commodo consequat.<\/p><\/div><\/div><h5 data-count='3' class='shortcode_accordion_item_title expanded_no'>Arbre de Vie<span class='ico'><\/span><\/h5><div class='shortcode_accordion_item_body'><div class='ip'><p>Lorem ipsum dolor sit amet, consectetur adipiscing elit, sed do eiusmod tempor incididunt ut labore et dolore magna aliqua. Ut enim ad minim veniam, quis nostrud exercitation ullamco laboris nisi ut aliquip ex ea commodo consequat.<\/p><\/div><\/div><h5 data-count='4' class='shortcode_accordion_item_title expanded_no'>Janny Michel<span class='ico'><\/span><\/h5><div class='shortcode_accordion_item_body'><div class='ip'><p>Lorem ipsum dolor sit amet, consectetur adipiscing elit, sed do eiusmod tempor incididunt ut labore et dolore magna aliqua. Ut enim ad minim veniam, quis nostrud exercitation ullamco laboris nisi ut aliquip ex ea commodo consequat.<\/p><\/div><\/div><\/div><\/div><!-- .module_cont --><\/div><div class='row'><div style='padding-bottom:10px;' class='span12  module_number_17 module_cont  module_divider'><hr class=\" \"><\/div><!-- .module_cont --><\/div><div class='row'><div style='padding-bottom:40px;' class='span12  module_number_18 module_cont  module_accordion'><div class='bg_title'><h3 style='color:#161c2c;' class='headInModule'>Partenaires Artistes<\/h3><\/div><div class='shortcode_accordion_shortcode accordion'><h5 data-count='1' class='shortcode_accordion_item_title expanded_no'>Gilles<span class='ico'><\/span><\/h5><div class='shortcode_accordion_item_body'><div class='ip'><p>Lorem ipsum dolor sit amet, consectetur adipiscing elit, sed do eiusmod tempor incididunt ut labore et dolore magna aliqua. Ut enim ad minim veniam, quis nostrud exercitation ullamco laboris nisi ut aliquip ex ea commodo consequat.<\/p><\/div><\/div><h5 data-count='2' class='shortcode_accordion_item_title expanded_no'>Arboray-mundo<span class='ico'><\/span><\/h5><div class='shortcode_accordion_item_body'><div class='ip'><p>Lorem ipsum dolor sit amet, consectetur adipiscing elit, sed do eiusmod tempor incididunt ut labore et dolore magna aliqua. Ut enim ad minim veniam, quis nostrud exercitation ullamco laboris nisi ut aliquip ex ea commodo consequat.<\/p><\/div><\/div><h5 data-count='3' class='shortcode_accordion_item_title expanded_no'>Nico Vert Ballon<span class='ico'><\/span><\/h5><div class='shortcode_accordion_item_body'><div class='ip'><p>Lorem ipsum dolor sit amet, consectetur adipiscing elit, sed do eiusmod tempor incididunt ut labore et dolore magna aliqua. Ut enim ad minim veniam, quis nostrud exercitation ullamco laboris nisi ut aliquip ex ea commodo consequat.<\/p><\/div><\/div><h5 data-count='4' class='shortcode_accordion_item_title expanded_no'>Sophie et R\u00e9gine<span class='ico'><\/span><\/h5><div class='shortcode_accordion_item_body'><div class='ip'><p>Lorem ipsum dolor sit amet, consectetur adipiscing elit, sed do eiusmod tempor incididunt ut labore et dolore magna aliqua. Ut enim ad minim veniam, quis nostrud exercitation ullamco laboris nisi ut aliquip ex ea commodo consequat.<\/p><\/div><\/div><\/div><\/div><!-- .module_cont --><\/div>","protected":false},"excerpt":{"rendered":"<p>QUI NOUS SOMMES &nbsp; Belgoc\u00eemes r\u00e9unis une \u00e9quipe de plus de 10 personnes intervenant \u00e0 diff\u00e9rents niveaux, tant dans l&rsquo;administration de l&rsquo;Association que dans l&rsquo;organisation et l&rsquo;animation des ateliers et des \u00e9v\u00e8nements. Belgoc\u00eemes c&rsquo;est aussi un r\u00e9seau de partenaires de Grimpe et des Artistes avec qui nous entretenons des relations privil\u00e9gi\u00e9es et partageons passions et exp\u00e9riences. &nbsp; &nbsp;<\/p>\n","protected":false},"author":1,"featured_media":0,"parent":0,"menu_order":0,"comment_status":"closed","ping_status":"closed","template":"","meta":{"footnotes":""},"_links":{"self":[{"href":"https:\/\/www.belgocimes.com\/mainsite\/wp-json\/wp\/v2\/pages\/9"}],"collection":[{"href":"https:\/\/www.belgocimes.com\/mainsite\/wp-json\/wp\/v2\/pages"}],"about":[{"href":"https:\/\/www.belgocimes.com\/mainsite\/wp-json\/wp\/v2\/types\/page"}],"author":[{"embeddable":true,"href":"https:\/\/www.belgocimes.com\/mainsite\/wp-json\/wp\/v2\/users\/1"}],"replies":[{"embeddable":true,"href":"https:\/\/www.belgocimes.com\/mainsite\/wp-json\/wp\/v2\/comments?post=9"}],"version-history":[{"count":13,"href":"https:\/\/www.belgocimes.com\/mainsite\/wp-json\/wp\/v2\/pages\/9\/revisions"}],"predecessor-version":[{"id":112,"href":"https:\/\/www.belgocimes.com\/mainsite\/wp-json\/wp\/v2\/pages\/9\/revisions\/112"}],"wp:attachment":[{"href":"https:\/\/www.belgocimes.com\/mainsite\/wp-json\/wp\/v2\/media?parent=9"}],"curies":[{"name":"wp","href":"https:\/\/api.w.org\/{rel}","templated":true}]}}