{"id":16,"date":"2015-09-29T18:53:33","date_gmt":"2015-09-29T17:53:33","guid":{"rendered":"http:\/\/www.belgocimes.com\/mainsite\/?page_id=16"},"modified":"2015-10-01T17:36:44","modified_gmt":"2015-10-01T16:36:44","slug":"projets","status":"publish","type":"page","link":"https:\/\/www.belgocimes.com\/mainsite\/projets\/","title":{"rendered":"PROJETS"},"content":{"rendered":"<h4>PASS\u00c9S, PR\u00c9SENTS ET FUTURS&#8230;<\/h4>\n<p>&nbsp;<\/p>\n<p>Nos exp\u00e9riences nous ont fait d\u00e9couvrir, aimer, vibrer et nous poussent \u00e0 entreprendre, cr\u00e9er, imaginer. D\u00e9couvrez notre parcours et nos projets futurs !<\/p>\n<p>Bient\u00f4t plus d&rsquo;informations.<\/p>\n","protected":false},"excerpt":{"rendered":"<p>PASS\u00c9S, PR\u00c9SENTS ET FUTURS&#8230; &nbsp; Nos exp\u00e9riences nous ont fait d\u00e9couvrir, aimer, vibrer et nous poussent \u00e0 entreprendre, cr\u00e9er, imaginer. D\u00e9couvrez notre parcours et nos projets futurs ! Bient\u00f4t plus d&rsquo;informations.<\/p>\n","protected":false},"author":1,"featured_media":0,"parent":0,"menu_order":0,"comment_status":"closed","ping_status":"closed","template":"","meta":{"footnotes":""},"_links":{"self":[{"href":"https:\/\/www.belgocimes.com\/mainsite\/wp-json\/wp\/v2\/pages\/16"}],"collection":[{"href":"https:\/\/www.belgocimes.com\/mainsite\/wp-json\/wp\/v2\/pages"}],"about":[{"href":"https:\/\/www.belgocimes.com\/mainsite\/wp-json\/wp\/v2\/types\/page"}],"author":[{"embeddable":true,"href":"https:\/\/www.belgocimes.com\/mainsite\/wp-json\/wp\/v2\/users\/1"}],"replies":[{"embeddable":true,"href":"https:\/\/www.belgocimes.com\/mainsite\/wp-json\/wp\/v2\/comments?post=16"}],"version-history":[{"count":7,"href":"https:\/\/www.belgocimes.com\/mainsite\/wp-json\/wp\/v2\/pages\/16\/revisions"}],"predecessor-version":[{"id":111,"href":"https:\/\/www.belgocimes.com\/mainsite\/wp-json\/wp\/v2\/pages\/16\/revisions\/111"}],"wp:attachment":[{"href":"https:\/\/www.belgocimes.com\/mainsite\/wp-json\/wp\/v2\/media?parent=16"}],"curies":[{"name":"wp","href":"https:\/\/api.w.org\/{rel}","templated":true}]}}